{"id":188,"date":"2020-07-25T21:49:57","date_gmt":"2020-07-25T19:49:57","guid":{"rendered":"http:\/\/spitzenklaenge.de\/wordpress\/?page_id=188"},"modified":"2020-07-25T21:54:21","modified_gmt":"2020-07-25T19:54:21","slug":"mitglied-werden","status":"publish","type":"page","link":"https:\/\/spitzenklaenge.de\/wordpress\/mitglied-werden\/","title":{"rendered":"Mitglied werden"},"content":{"rendered":"\n<h2 class=\"wp-block-heading\">Beitritt zum Verein Spitzenkl\u00e4nge<\/h2>\n\n\n\n<p class=\"has-drop-cap\">Mit Ihrer Mitgliedschaft unterst\u00fctzen Sie unser Tun und Wirken in ideeller und finanzieller Art. Werden Sie f\u00f6rderndes Mitglied. Der Jahresbeitrag betr\u00e4gt zur Zeit 30 Euro. \u00dcber Ihre Zuwendungen als k\u00fcnftiges Mitglied, Spender oder Sponsor auch im kleinen Eurobereich freuen wir uns.<\/p>\n\n\n\n<p>Bei Spenden ab einer H\u00f6he von 50 Euro stellen wir Ihnen gerne eine Spendenbescheinigung aus .<\/p>\n\n\n\n<p>In diesem Fall mailen Sie uns bitte Ihre Adresse an <a href=\"mailto:spitze@spitzenklaenge.de\">spitze@spitzenklaenge.de<\/a>. Sie erhalten dann die Zuwendungsbescheinigung f\u00fcr Ihr Finanzamt.<\/p>\n\n\n\n<p>Eine Beitrittserkl\u00e4rung erhalten Sie \u00fcber unser <a href=\"https:\/\/spitzenklaenge.de\/wordpress\/kontakt\/\">Online-Kontaktformular<\/a><\/p>\n\n\n\n<p>Wir melden uns umgehend nach Eingang Ihrer Anfrage.<\/p>\n","protected":false},"excerpt":{"rendered":"<p>Beitritt zum Verein Spitzenkl\u00e4nge Mit Ihrer Mitgliedschaft unterst\u00fctzen Sie unser Tun und Wirken in ideeller und finanzieller Art. Werden Sie f\u00f6rderndes Mitglied. Der Jahresbeitrag betr\u00e4gt zur Zeit 30 Euro. \u00dcber Ihre Zuwendungen als k\u00fcnftiges Mitglied, Spender oder Sponsor auch im kleinen Eurobereich freuen wir uns. Bei Spenden ab einer H\u00f6he von 50 Euro stellen wir &hellip; <\/p>\n<p class=\"link-more\"><a href=\"https:\/\/spitzenklaenge.de\/wordpress\/mitglied-werden\/\" class=\"more-link\"><span class=\"screen-reader-text\">\u201eMitglied werden\u201c <\/span>weiterlesen<\/a><\/p>\n","protected":false},"author":1,"featured_media":0,"parent":0,"menu_order":0,"comment_status":"closed","ping_status":"closed","template":"","meta":{"_themeisle_gutenberg_block_has_review":false,"footnotes":""},"class_list":["post-188","page","type-page","status-publish","hentry"],"_links":{"self":[{"href":"https:\/\/spitzenklaenge.de\/wordpress\/wp-json\/wp\/v2\/pages\/188","targetHints":{"allow":["GET"]}}],"collection":[{"href":"https:\/\/spitzenklaenge.de\/wordpress\/wp-json\/wp\/v2\/pages"}],"about":[{"href":"https:\/\/spitzenklaenge.de\/wordpress\/wp-json\/wp\/v2\/types\/page"}],"author":[{"embeddable":true,"href":"https:\/\/spitzenklaenge.de\/wordpress\/wp-json\/wp\/v2\/users\/1"}],"replies":[{"embeddable":true,"href":"https:\/\/spitzenklaenge.de\/wordpress\/wp-json\/wp\/v2\/comments?post=188"}],"version-history":[{"count":4,"href":"https:\/\/spitzenklaenge.de\/wordpress\/wp-json\/wp\/v2\/pages\/188\/revisions"}],"predecessor-version":[{"id":192,"href":"https:\/\/spitzenklaenge.de\/wordpress\/wp-json\/wp\/v2\/pages\/188\/revisions\/192"}],"wp:attachment":[{"href":"https:\/\/spitzenklaenge.de\/wordpress\/wp-json\/wp\/v2\/media?parent=188"}],"curies":[{"name":"wp","href":"https:\/\/api.w.org\/{rel}","templated":true}]}}