{"id":183,"date":"2020-07-25T21:41:55","date_gmt":"2020-07-25T19:41:55","guid":{"rendered":"http:\/\/spitzenklaenge.de\/wordpress\/?page_id=183"},"modified":"2020-07-25T21:55:15","modified_gmt":"2020-07-25T19:55:15","slug":"talentvermittlung","status":"publish","type":"page","link":"https:\/\/spitzenklaenge.de\/wordpress\/foerderung\/talentvermittlung\/","title":{"rendered":"Talentvermittlung"},"content":{"rendered":"\n<p class=\"has-drop-cap\">Junge Musiker treten im Rahmen ihrer F\u00f6rderung und Entfaltung mit Freuden auf, um ihr K\u00f6nnen unter Beweis stellen zu k\u00f6nnen. Sie freuen sich auf ein angeglichenes Honorar in einem festlichem Rahmen.<\/p>\n\n\n\n<p>Sollten Sie als Veranstalter irgendwann mal ein Fest mit musikalischen Auftritten und hohem Niveau planen, so vermitteln wir gerne begabte, hochbegabte Talente und Preistr\u00e4ger zur Aufbietung f\u00fcr ein Hauskonzert, Jubil\u00e4um, Geburtstagsfeier, Weihnachtsfeier im Verein u.dgl.m.<\/p>\n\n\n\n<p>Nehmen Sie <a href=\"https:\/\/spitzenklaenge.de\/wordpress\/kontakt\/\">Kontakt<\/a> mit uns auf, wir unterbreiten Ihnen Vorschl\u00e4ge, die Sie zufrieden stellen werden.<\/p>\n","protected":false},"excerpt":{"rendered":"<p>Junge Musiker treten im Rahmen ihrer F\u00f6rderung und Entfaltung mit Freuden auf, um ihr K\u00f6nnen unter Beweis stellen zu k\u00f6nnen. Sie freuen sich auf ein angeglichenes Honorar in einem festlichem Rahmen. Sollten Sie als Veranstalter irgendwann mal ein Fest mit musikalischen Auftritten und hohem Niveau planen, so vermitteln wir gerne begabte, hochbegabte Talente und Preistr\u00e4ger &hellip; <\/p>\n<p class=\"link-more\"><a href=\"https:\/\/spitzenklaenge.de\/wordpress\/foerderung\/talentvermittlung\/\" class=\"more-link\"><span class=\"screen-reader-text\">\u201eTalentvermittlung\u201c <\/span>weiterlesen<\/a><\/p>\n","protected":false},"author":1,"featured_media":0,"parent":110,"menu_order":0,"comment_status":"closed","ping_status":"closed","template":"","meta":{"_themeisle_gutenberg_block_has_review":false,"footnotes":""},"class_list":["post-183","page","type-page","status-publish","hentry"],"_links":{"self":[{"href":"https:\/\/spitzenklaenge.de\/wordpress\/wp-json\/wp\/v2\/pages\/183","targetHints":{"allow":["GET"]}}],"collection":[{"href":"https:\/\/spitzenklaenge.de\/wordpress\/wp-json\/wp\/v2\/pages"}],"about":[{"href":"https:\/\/spitzenklaenge.de\/wordpress\/wp-json\/wp\/v2\/types\/page"}],"author":[{"embeddable":true,"href":"https:\/\/spitzenklaenge.de\/wordpress\/wp-json\/wp\/v2\/users\/1"}],"replies":[{"embeddable":true,"href":"https:\/\/spitzenklaenge.de\/wordpress\/wp-json\/wp\/v2\/comments?post=183"}],"version-history":[{"count":3,"href":"https:\/\/spitzenklaenge.de\/wordpress\/wp-json\/wp\/v2\/pages\/183\/revisions"}],"predecessor-version":[{"id":193,"href":"https:\/\/spitzenklaenge.de\/wordpress\/wp-json\/wp\/v2\/pages\/183\/revisions\/193"}],"up":[{"embeddable":true,"href":"https:\/\/spitzenklaenge.de\/wordpress\/wp-json\/wp\/v2\/pages\/110"}],"wp:attachment":[{"href":"https:\/\/spitzenklaenge.de\/wordpress\/wp-json\/wp\/v2\/media?parent=183"}],"curies":[{"name":"wp","href":"https:\/\/api.w.org\/{rel}","templated":true}]}}