{"id":180,"date":"2020-07-25T21:38:15","date_gmt":"2020-07-25T19:38:15","guid":{"rendered":"http:\/\/spitzenklaenge.de\/wordpress\/?page_id=180"},"modified":"2020-10-24T21:09:47","modified_gmt":"2020-10-24T19:09:47","slug":"workshops","status":"publish","type":"page","link":"https:\/\/spitzenklaenge.de\/wordpress\/foerderung\/workshops\/","title":{"rendered":"Workshops"},"content":{"rendered":"\n<p class=\"has-drop-cap\">Workshops sollen die Kenntnisse im Bereich der Musikgeschichte, Epochen, Stile, Formenlehre und Interpretationsm\u00f6glichkeiten in aktiver Mitarbeit aller Beteiligten an den ausgew\u00e4hlten St\u00fccken vermitteln.<br>Vorschl\u00e4ge werden von den Lehrkr\u00e4ften der Musikschulen, der Musikvereine, vom Chorverband und von \u201eSpitzenkl\u00e4nge&#8220; gemacht. Sie sollten an wechselnden Orten im Zollernalbkreis stattfinden.<\/p>\n\n\n\n<p class=\"has-drop-cap\">Die Workshops sind offen f\u00fcr alle Interessenten.<\/p>\n\n\n\n<h2 class=\"wp-block-heading\">Organisation und Durchf\u00fchrung:<\/h2>\n\n\n\n<p>Spitzenkl\u00e4nge, in Kooperation mit Musikschulen und Musikvereinigungen.<\/p>\n\n\n\n<h2 class=\"wp-block-heading\">Finanzierung:<\/h2>\n\n\n\n<ul class=\"wp-block-list\"><li>Teilnehmergeb\u00fchren, Spitzenkl\u00e4nge, Sponsoren, usw.<\/li><li>Informationen und Einladung zum Workshop mit Anmeldeformular mindestens 3 Monate vor dem Termin<\/li><li>mit 1-monatiger Anmeldefrist.<\/li><li>Jeder Teilnehmer bekommt nach der Anmeldung Informationsmaterial zu den vorbereitenden Werken.<\/li><\/ul>\n","protected":false},"excerpt":{"rendered":"<p>Workshops sollen die Kenntnisse im Bereich der Musikgeschichte, Epochen, Stile, Formenlehre und Interpretationsm\u00f6glichkeiten in aktiver Mitarbeit aller Beteiligten an den ausgew\u00e4hlten St\u00fccken vermitteln.Vorschl\u00e4ge werden von den Lehrkr\u00e4ften der Musikschulen, der Musikvereine, vom Chorverband und von \u201eSpitzenkl\u00e4nge&#8220; gemacht. Sie sollten an wechselnden Orten im Zollernalbkreis stattfinden. Die Workshops sind offen f\u00fcr alle Interessenten. Organisation und Durchf\u00fchrung: &hellip; <\/p>\n<p class=\"link-more\"><a href=\"https:\/\/spitzenklaenge.de\/wordpress\/foerderung\/workshops\/\" class=\"more-link\"><span class=\"screen-reader-text\">\u201eWorkshops\u201c <\/span>weiterlesen<\/a><\/p>\n","protected":false},"author":1,"featured_media":0,"parent":110,"menu_order":0,"comment_status":"closed","ping_status":"closed","template":"","meta":{"_themeisle_gutenberg_block_has_review":false,"footnotes":""},"class_list":["post-180","page","type-page","status-publish","hentry"],"_links":{"self":[{"href":"https:\/\/spitzenklaenge.de\/wordpress\/wp-json\/wp\/v2\/pages\/180","targetHints":{"allow":["GET"]}}],"collection":[{"href":"https:\/\/spitzenklaenge.de\/wordpress\/wp-json\/wp\/v2\/pages"}],"about":[{"href":"https:\/\/spitzenklaenge.de\/wordpress\/wp-json\/wp\/v2\/types\/page"}],"author":[{"embeddable":true,"href":"https:\/\/spitzenklaenge.de\/wordpress\/wp-json\/wp\/v2\/users\/1"}],"replies":[{"embeddable":true,"href":"https:\/\/spitzenklaenge.de\/wordpress\/wp-json\/wp\/v2\/comments?post=180"}],"version-history":[{"count":2,"href":"https:\/\/spitzenklaenge.de\/wordpress\/wp-json\/wp\/v2\/pages\/180\/revisions"}],"predecessor-version":[{"id":337,"href":"https:\/\/spitzenklaenge.de\/wordpress\/wp-json\/wp\/v2\/pages\/180\/revisions\/337"}],"up":[{"embeddable":true,"href":"https:\/\/spitzenklaenge.de\/wordpress\/wp-json\/wp\/v2\/pages\/110"}],"wp:attachment":[{"href":"https:\/\/spitzenklaenge.de\/wordpress\/wp-json\/wp\/v2\/media?parent=180"}],"curies":[{"name":"wp","href":"https:\/\/api.w.org\/{rel}","templated":true}]}}