{"id":171,"date":"2020-07-25T21:13:10","date_gmt":"2020-07-25T19:13:10","guid":{"rendered":"http:\/\/spitzenklaenge.de\/wordpress\/?page_id=171"},"modified":"2021-02-28T15:33:42","modified_gmt":"2021-02-28T14:33:42","slug":"veranstaltungen","status":"publish","type":"page","link":"https:\/\/spitzenklaenge.de\/wordpress\/foerderung\/veranstaltungen\/","title":{"rendered":"Veranstaltungen"},"content":{"rendered":"\n<div id=\"mec_skin_276\" class=\"mec-wrap colorskin-custom   mec-full-calendar-wrap\">\r\n\r\n    <div class=\"mec-search-form mec-totalcal-box\">\r\n                                    <div id=\"mec_search_form_276\" class=\"\">\r\n\r\n            \r\n            <div class=\"mec-dropdown-wrap\">\r\n                                                                                                            <\/div>\r\n        <\/div>\r\n        <div id=\"mec_search_form_276\">\r\n                                <\/div>\r\n        <div id=\"mec_search_form_276\" class=\"mec-full-calendar-search-ends\">\r\n                            <div class=\"mec-text-input-search\"><i class=\"mec-sl-magnifier\"><\/i>\r\n                    <input type=\"search\" value=\"\" id=\"mec_sf_s_276\" placeholder=\"\" \/>\r\n                <\/div>                                        <div class=\"mec-date-search\"><input type=\"hidden\" id=\"mec-filter-none\" value=\"W\u00e4hlen\"><i class=\"mec-sl-calendar\"><\/i>\r\n                    <select id=\"mec_sf_month_276\">\r\n                        <option value=\"\">Select Month<\/option><option class=\"mec-none-item\" value=\"none\" selected=\"selected\">W\u00e4hlen<\/option><option value=\"01\">Januar<\/option><option value=\"02\">Februar<\/option><option value=\"03\">M\u00e4rz<\/option><option value=\"04\">April<\/option><option value=\"05\">Mai<\/option><option value=\"06\">Juni<\/option><option value=\"07\">Juli<\/option><option value=\"08\">August<\/option><option value=\"09\">September<\/option><option value=\"10\">Oktober<\/option><option value=\"11\">November<\/option><option value=\"12\">Dezember<\/option><\/select><select id=\"mec_sf_year_276\"><option class=\"mec-none-item\" value=\"none\" selected=\"selected\">W\u00e4hlen<\/option><option value=\"2020\">2020<\/option><option value=\"2021\">2021<\/option><option value=\"2022\">2022<\/option><option value=\"2023\">2023<\/option><option value=\"2024\">2024<\/option><option value=\"2025\">2025<\/option><option value=\"2026\">2026<\/option><option value=\"2027\">2027<\/option><option value=\"2028\">2028<\/option><option value=\"2029\">2029<\/option><option value=\"2030\">2030<\/option><\/select><\/div>                                                <div class=\"col-md-12 mec-tab-loader\">\r\n                <div class=\"mec-totalcal-view\">\r\n                                        <span class=\"mec-totalcal-monthlyview\" data-skin=\"monthly\">Monatlich<\/span>                    <span class=\"mec-totalcal-weeklyview\" data-skin=\"weekly\">W\u00f6chentlich<\/span>                    <span class=\"mec-totalcal-dailyview\" data-skin=\"daily\">T\u00e4glich<\/span>                    <span class=\"mec-totalcal-listview mec-totalcalview-selected\" data-skin=\"list\">Liste<\/span>                    <span class=\"mec-totalcal-gridview\" data-skin=\"grid\">Raster<\/span>                    <span class=\"mec-totalcal-tileview\" data-skin=\"tile\">Kachel<\/span>                <\/div>\r\n            <\/div>\r\n        <\/div>\r\n            <\/div>\r\n\r\n    <div id=\"mec_full_calendar_container_276\" class=\"mec-full-calendar-skin-container\">\r\n        <div class=\"mec-wrap mec-skin-list-container  \" id=\"mec_skin_276\">\r\n    \r\n    \r\n            <div class=\"mec-skin-list-events-container\" id=\"mec_skin_events_276\">\r\n        <div class=\"mec-wrap colorskin-custom\">\r\n\t<div class=\"mec-event-list-standard\">\r\n\t\t\r\n                        <div class=\"mec-month-divider\" data-toggle-divider=\"mec-toggle-202606-276\"><span>Juni 2026<\/span><i class=\"mec-sl-arrow-down\"><\/i><\/div>\r\n            \r\n                        <article class=\"mec-event-article  mec-clear  mec-divider-toggle mec-toggle-202606-276\">\r\n                                                        <div class=\"mec-topsec\">\r\n                        <div class=\"col-md-3 mec-event-image-wrap mec-col-table-c\">\r\n                            <div class=\"mec-event-image\"><a data-event-id=\"687\" href=\"https:\/\/spitzenklaenge.de\/wordpress\/events\/brahmstage-mit-michael-wendeberg-und-freunden\/\" target=\"_self\" rel=\"noopener\"><\/a><\/div>\r\n                        <\/div>\r\n                        <div class=\"col-md-6 mec-col-table-c mec-event-content-wrap\">\r\n                            <div class=\"mec-event-content\">\r\n                                                                <h3 class=\"mec-event-title\"><a class=\"mec-color-hover\" data-event-id=\"687\" href=\"https:\/\/spitzenklaenge.de\/wordpress\/events\/brahmstage-mit-michael-wendeberg-und-freunden\/\" target=\"_self\" rel=\"noopener\">Brahms-Tage | Albst\u00e4dter Musikfestival<\/a><span class=\"event-color\" style=\"background: #\"><\/span><\/h3>\r\n                                <div class=\"mec-event-description\">19. - 21. Juni 2026\r\nSchloss Stauffenberg Lautlingen\r\n\r\nK\u00fcnstlerische Leitung:\r\nMichael Wendeberg\r\n&nbsp;\r\nVVK: Tourist-Info <span>...<\/span><\/div>\r\n                            <\/div>\r\n                        <\/div>\r\n                        <div class=\"col-md-3 mec-col-table-c mec-event-meta-wrap\">\r\n                            <div class=\"mec-event-meta mec-color-before\">\r\n                                <div class=\"mec-date-details\">\r\n                                                                            <span class=\"mec-event-d\"><span class=\"mec-start-date-label\" itemprop=\"startDate\">19 - 21 Juni<\/span><\/span>\r\n                                                                    <\/div>\r\n                                                                                                                                                                <div class=\"mec-venue-details\">\r\n                                    <span>Schloss Lautlingen<\/span><address class=\"mec-event-address\"><span>Am Schlo\u00df 1, 72459 Albstadt<\/span><\/address>\r\n                                <\/div>\r\n                                                                                                                                                                                            <\/div>\r\n                        <\/div>\r\n                    <\/div>\r\n                    <div class=\"mec-event-footer\">\r\n                                                <ul class=\"mec-event-sharing-wrap\">\r\n                            <li class=\"mec-event-share\">\r\n                                <a href=\"#\" class=\"mec-event-share-icon\">\r\n                                    <i class=\"mec-sl-share\" title=\"social share\"><\/i>\r\n                                <\/a>\r\n                            <\/li>\r\n                            <li>\r\n                                <ul class=\"mec-event-sharing\">\r\n                                    <li class=\"mec-event-social-icon\"><a class=\"facebook\" href=\"https:\/\/www.facebook.com\/sharer\/sharer.php?u=https%3A%2F%2Fspitzenklaenge.de%2Fwordpress%2Fevents%2Fbrahmstage-mit-michael-wendeberg-und-freunden%2F\" onclick=\"javascript:window.open(this.href, '', 'menubar=no,toolbar=no,resizable=yes,scrollbars=yes,height=500,width=600'); return false;\" target=\"_blank\" title=\"Auf Facebook teilen\"><i class=\"mec-fa-facebook\"><\/i><\/a><\/li><li class=\"mec-event-social-icon\"><a class=\"twitter\" href=\"https:\/\/twitter.com\/share?url=https%3A%2F%2Fspitzenklaenge.de%2Fwordpress%2Fevents%2Fbrahmstage-mit-michael-wendeberg-und-freunden%2F\" onclick=\"javascript:window.open(this.href, '', 'menubar=no,toolbar=no,resizable=yes,scrollbars=yes,height=600,width=500'); return false;\" target=\"_blank\" title=\"Tweet\"><i class=\"mec-fa-twitter\"><\/i><\/a><\/li><li class=\"mec-event-social-icon\"><a class=\"linkedin\" href=\"https:\/\/www.linkedin.com\/shareArticle?mini=true&amp;url=https%3A%2F%2Fspitzenklaenge.de%2Fwordpress%2Fevents%2Fbrahmstage-mit-michael-wendeberg-und-freunden%2F\" onclick=\"javascript:window.open(this.href, '', 'menubar=no,toolbar=no,resizable=yes,scrollbars=yes,height=600,width=500'); return false;\" target=\"_blank\" title=\"LinkedIn\"><i class=\"mec-fa-linkedin\"><\/i><\/a><\/li><li class=\"mec-event-social-icon\"><a class=\"email\" href=\"mailto:?subject=Brahms-Tage | Albst\u00e4dter Musikfestival&amp;body=https%3A%2F%2Fspitzenklaenge.de%2Fwordpress%2Fevents%2Fbrahmstage-mit-michael-wendeberg-und-freunden%2F\" title=\"E-Mail\"><i class=\"mec-fa-envelope\"><\/i><\/a><\/li>                                <\/ul>\r\n                            <\/li>\r\n                        <\/ul>\r\n                                                                                                <a class=\"mec-booking-button\" data-event-id=\"687\" href=\"https:\/\/spitzenklaenge.de\/wordpress\/events\/brahmstage-mit-michael-wendeberg-und-freunden\/\" target=\"_self\" rel=\"noopener\">Details anzeigen<\/a>                    <\/div>\r\n                            <\/article>\r\n            \t\t\r\n                        <div class=\"mec-month-divider\" data-toggle-divider=\"mec-toggle-202607-276\"><span>Juli 2026<\/span><i class=\"mec-sl-arrow-down\"><\/i><\/div>\r\n            \r\n                        <article class=\"mec-event-article  mec-clear  mec-divider-toggle mec-toggle-202607-276\">\r\n                                                        <div class=\"mec-topsec\">\r\n                        <div class=\"col-md-3 mec-event-image-wrap mec-col-table-c\">\r\n                            <div class=\"mec-event-image\"><a data-event-id=\"688\" href=\"https:\/\/spitzenklaenge.de\/wordpress\/events\/gala-konzert-zum-10jaehrigen-jubilaeum-von-spitzenklaenge\/\" target=\"_self\" rel=\"noopener\"><\/a><\/div>\r\n                        <\/div>\r\n                        <div class=\"col-md-6 mec-col-table-c mec-event-content-wrap\">\r\n                            <div class=\"mec-event-content\">\r\n                                                                <h3 class=\"mec-event-title\"><a class=\"mec-color-hover\" data-event-id=\"688\" href=\"https:\/\/spitzenklaenge.de\/wordpress\/events\/gala-konzert-zum-10jaehrigen-jubilaeum-von-spitzenklaenge\/\" target=\"_self\" rel=\"noopener\">Gala-Konzert zum 10j\u00e4hrigen Jubil\u00e4um von Spitzenkl\u00e4nge<\/a><span class=\"event-color\" style=\"background: #\"><\/span><\/h3>\r\n                                <div class=\"mec-event-description\">Festhalle Ebingen <span>...<\/span><\/div>\r\n                            <\/div>\r\n                        <\/div>\r\n                        <div class=\"col-md-3 mec-col-table-c mec-event-meta-wrap\">\r\n                            <div class=\"mec-event-meta mec-color-before\">\r\n                                <div class=\"mec-date-details\">\r\n                                                                            <span class=\"mec-event-d\"><span class=\"mec-start-date-label\" itemprop=\"startDate\">26 Juli<\/span><\/span>\r\n                                                                    <\/div>\r\n                                                                <div class=\"mec-time-details\"><span class=\"mec-start-time\">17:00<\/span><\/div>                                                                                                <div class=\"mec-venue-details\">\r\n                                    <span>Festhalle Albstadt-Ebingen<\/span><address class=\"mec-event-address\"><span>Festhalle Albstadt, Hohenzollernstra\u00dfe 10, 72458 Albstadt<\/span><\/address>\r\n                                <\/div>\r\n                                                                                                                                                                                            <\/div>\r\n                        <\/div>\r\n                    <\/div>\r\n                    <div class=\"mec-event-footer\">\r\n                                                <ul class=\"mec-event-sharing-wrap\">\r\n                            <li class=\"mec-event-share\">\r\n                                <a href=\"#\" class=\"mec-event-share-icon\">\r\n                                    <i class=\"mec-sl-share\" title=\"social share\"><\/i>\r\n                                <\/a>\r\n                            <\/li>\r\n                            <li>\r\n                                <ul class=\"mec-event-sharing\">\r\n                                    <li class=\"mec-event-social-icon\"><a class=\"facebook\" href=\"https:\/\/www.facebook.com\/sharer\/sharer.php?u=https%3A%2F%2Fspitzenklaenge.de%2Fwordpress%2Fevents%2Fgala-konzert-zum-10jaehrigen-jubilaeum-von-spitzenklaenge%2F\" onclick=\"javascript:window.open(this.href, '', 'menubar=no,toolbar=no,resizable=yes,scrollbars=yes,height=500,width=600'); return false;\" target=\"_blank\" title=\"Auf Facebook teilen\"><i class=\"mec-fa-facebook\"><\/i><\/a><\/li><li class=\"mec-event-social-icon\"><a class=\"twitter\" href=\"https:\/\/twitter.com\/share?url=https%3A%2F%2Fspitzenklaenge.de%2Fwordpress%2Fevents%2Fgala-konzert-zum-10jaehrigen-jubilaeum-von-spitzenklaenge%2F\" onclick=\"javascript:window.open(this.href, '', 'menubar=no,toolbar=no,resizable=yes,scrollbars=yes,height=600,width=500'); return false;\" target=\"_blank\" title=\"Tweet\"><i class=\"mec-fa-twitter\"><\/i><\/a><\/li><li class=\"mec-event-social-icon\"><a class=\"linkedin\" href=\"https:\/\/www.linkedin.com\/shareArticle?mini=true&amp;url=https%3A%2F%2Fspitzenklaenge.de%2Fwordpress%2Fevents%2Fgala-konzert-zum-10jaehrigen-jubilaeum-von-spitzenklaenge%2F\" onclick=\"javascript:window.open(this.href, '', 'menubar=no,toolbar=no,resizable=yes,scrollbars=yes,height=600,width=500'); return false;\" target=\"_blank\" title=\"LinkedIn\"><i class=\"mec-fa-linkedin\"><\/i><\/a><\/li><li class=\"mec-event-social-icon\"><a class=\"email\" href=\"mailto:?subject=Gala-Konzert zum 10j\u00e4hrigen Jubil\u00e4um von Spitzenkl\u00e4nge&amp;body=https%3A%2F%2Fspitzenklaenge.de%2Fwordpress%2Fevents%2Fgala-konzert-zum-10jaehrigen-jubilaeum-von-spitzenklaenge%2F\" title=\"E-Mail\"><i class=\"mec-fa-envelope\"><\/i><\/a><\/li>                                <\/ul>\r\n                            <\/li>\r\n                        <\/ul>\r\n                                                                                                <a class=\"mec-booking-button\" data-event-id=\"688\" href=\"https:\/\/spitzenklaenge.de\/wordpress\/events\/gala-konzert-zum-10jaehrigen-jubilaeum-von-spitzenklaenge\/\" target=\"_self\" rel=\"noopener\">Details anzeigen<\/a>                    <\/div>\r\n                            <\/article>\r\n            \t\t\r\n                        <div class=\"mec-month-divider\" data-toggle-divider=\"mec-toggle-202610-276\"><span>Oktober 2026<\/span><i class=\"mec-sl-arrow-down\"><\/i><\/div>\r\n            \r\n                        <article class=\"mec-event-article  mec-clear  mec-divider-toggle mec-toggle-202610-276\">\r\n                                                        <div class=\"mec-topsec\">\r\n                        <div class=\"col-md-3 mec-event-image-wrap mec-col-table-c\">\r\n                            <div class=\"mec-event-image\"><a data-event-id=\"689\" href=\"https:\/\/spitzenklaenge.de\/wordpress\/events\/ebinger-kammerorchester-meets-spitzenklaenge-solist-simon-zhu\/\" target=\"_self\" rel=\"noopener\"><\/a><\/div>\r\n                        <\/div>\r\n                        <div class=\"col-md-6 mec-col-table-c mec-event-content-wrap\">\r\n                            <div class=\"mec-event-content\">\r\n                                                                <h3 class=\"mec-event-title\"><a class=\"mec-color-hover\" data-event-id=\"689\" href=\"https:\/\/spitzenklaenge.de\/wordpress\/events\/ebinger-kammerorchester-meets-spitzenklaenge-solist-simon-zhu\/\" target=\"_self\" rel=\"noopener\">ebinger kammerorchester meets Spitzenkl\u00e4nge &#8211; Solist Simon Zhu<\/a><span class=\"event-color\" style=\"background: #\"><\/span><\/h3>\r\n                                <div class=\"mec-event-description\">Festhalle Ebingen <span>...<\/span><\/div>\r\n                            <\/div>\r\n                        <\/div>\r\n                        <div class=\"col-md-3 mec-col-table-c mec-event-meta-wrap\">\r\n                            <div class=\"mec-event-meta mec-color-before\">\r\n                                <div class=\"mec-date-details\">\r\n                                                                            <span class=\"mec-event-d\"><span class=\"mec-start-date-label\" itemprop=\"startDate\">18 Okt.<\/span><\/span>\r\n                                                                    <\/div>\r\n                                                                                                                                                                                                                                                                                            <\/div>\r\n                        <\/div>\r\n                    <\/div>\r\n                    <div class=\"mec-event-footer\">\r\n                                                <ul class=\"mec-event-sharing-wrap\">\r\n                            <li class=\"mec-event-share\">\r\n                                <a href=\"#\" class=\"mec-event-share-icon\">\r\n                                    <i class=\"mec-sl-share\" title=\"social share\"><\/i>\r\n                                <\/a>\r\n                            <\/li>\r\n                            <li>\r\n                                <ul class=\"mec-event-sharing\">\r\n                                    <li class=\"mec-event-social-icon\"><a class=\"facebook\" href=\"https:\/\/www.facebook.com\/sharer\/sharer.php?u=https%3A%2F%2Fspitzenklaenge.de%2Fwordpress%2Fevents%2Febinger-kammerorchester-meets-spitzenklaenge-solist-simon-zhu%2F\" onclick=\"javascript:window.open(this.href, '', 'menubar=no,toolbar=no,resizable=yes,scrollbars=yes,height=500,width=600'); return false;\" target=\"_blank\" title=\"Auf Facebook teilen\"><i class=\"mec-fa-facebook\"><\/i><\/a><\/li><li class=\"mec-event-social-icon\"><a class=\"twitter\" href=\"https:\/\/twitter.com\/share?url=https%3A%2F%2Fspitzenklaenge.de%2Fwordpress%2Fevents%2Febinger-kammerorchester-meets-spitzenklaenge-solist-simon-zhu%2F\" onclick=\"javascript:window.open(this.href, '', 'menubar=no,toolbar=no,resizable=yes,scrollbars=yes,height=600,width=500'); return false;\" target=\"_blank\" title=\"Tweet\"><i class=\"mec-fa-twitter\"><\/i><\/a><\/li><li class=\"mec-event-social-icon\"><a class=\"linkedin\" href=\"https:\/\/www.linkedin.com\/shareArticle?mini=true&amp;url=https%3A%2F%2Fspitzenklaenge.de%2Fwordpress%2Fevents%2Febinger-kammerorchester-meets-spitzenklaenge-solist-simon-zhu%2F\" onclick=\"javascript:window.open(this.href, '', 'menubar=no,toolbar=no,resizable=yes,scrollbars=yes,height=600,width=500'); return false;\" target=\"_blank\" title=\"LinkedIn\"><i class=\"mec-fa-linkedin\"><\/i><\/a><\/li><li class=\"mec-event-social-icon\"><a class=\"email\" href=\"mailto:?subject=ebinger kammerorchester meets Spitzenkl\u00e4nge - Solist Simon Zhu&amp;body=https%3A%2F%2Fspitzenklaenge.de%2Fwordpress%2Fevents%2Febinger-kammerorchester-meets-spitzenklaenge-solist-simon-zhu%2F\" title=\"E-Mail\"><i class=\"mec-fa-envelope\"><\/i><\/a><\/li>                                <\/ul>\r\n                            <\/li>\r\n                        <\/ul>\r\n                                                                                                <a class=\"mec-booking-button\" data-event-id=\"689\" href=\"https:\/\/spitzenklaenge.de\/wordpress\/events\/ebinger-kammerorchester-meets-spitzenklaenge-solist-simon-zhu\/\" target=\"_self\" rel=\"noopener\">Details anzeigen<\/a>                    <\/div>\r\n                            <\/article>\r\n            \t\t\t<\/div>\r\n<\/div>\r\n\r\n    <\/div>\r\n    <div class=\"mec-skin-list-no-events-container mec-util-hidden\" id=\"mec_skin_no_events_276\">\r\n        Keine Veranstaltung gefunden!    <\/div>\r\n        \r\n        \r\n<\/div>    <\/div>\r\n\r\n<\/div>\n","protected":false},"excerpt":{"rendered":"","protected":false},"author":1,"featured_media":0,"parent":110,"menu_order":0,"comment_status":"closed","ping_status":"closed","template":"","meta":{"_themeisle_gutenberg_block_has_review":false,"footnotes":""},"class_list":["post-171","page","type-page","status-publish","hentry"],"_links":{"self":[{"href":"https:\/\/spitzenklaenge.de\/wordpress\/wp-json\/wp\/v2\/pages\/171","targetHints":{"allow":["GET"]}}],"collection":[{"href":"https:\/\/spitzenklaenge.de\/wordpress\/wp-json\/wp\/v2\/pages"}],"about":[{"href":"https:\/\/spitzenklaenge.de\/wordpress\/wp-json\/wp\/v2\/types\/page"}],"author":[{"embeddable":true,"href":"https:\/\/spitzenklaenge.de\/wordpress\/wp-json\/wp\/v2\/users\/1"}],"replies":[{"embeddable":true,"href":"https:\/\/spitzenklaenge.de\/wordpress\/wp-json\/wp\/v2\/comments?post=171"}],"version-history":[{"count":16,"href":"https:\/\/spitzenklaenge.de\/wordpress\/wp-json\/wp\/v2\/pages\/171\/revisions"}],"predecessor-version":[{"id":375,"href":"https:\/\/spitzenklaenge.de\/wordpress\/wp-json\/wp\/v2\/pages\/171\/revisions\/375"}],"up":[{"embeddable":true,"href":"https:\/\/spitzenklaenge.de\/wordpress\/wp-json\/wp\/v2\/pages\/110"}],"wp:attachment":[{"href":"https:\/\/spitzenklaenge.de\/wordpress\/wp-json\/wp\/v2\/media?parent=171"}],"curies":[{"name":"wp","href":"https:\/\/api.w.org\/{rel}","templated":true}]}}